{"id":65499,"date":"2025-07-08T19:18:29","date_gmt":"2025-07-08T17:18:29","guid":{"rendered":"https:\/\/rehalabacademy.pl\/?page_id=65499"},"modified":"2026-01-15T16:22:09","modified_gmt":"2026-01-15T15:22:09","slug":"ppolicy","status":"publish","type":"page","link":"https:\/\/rehalabacademy.pl\/en\/ppolicy\/","title":{"rendered":"Privacy policy"},"content":{"rendered":"<div data-elementor-type=\"wp-page\" data-elementor-id=\"65499\" class=\"elementor elementor-65499\" data-elementor-post-type=\"page\">\n\t\t\t\t\t\t<section class=\"elementor-section elementor-top-section elementor-element elementor-element-f994265 elementor-section-boxed elementor-section-height-default elementor-section-height-default sc_fly_static\" data-id=\"f994265\" data-element_type=\"section\">\n\t\t\t\t\t\t<div class=\"elementor-container elementor-column-gap-extended\">\n\t\t\t\t\t<div class=\"elementor-column elementor-col-100 elementor-top-column elementor-element elementor-element-39d929e sc_content_align_inherit sc_layouts_column_icons_position_left sc_fly_static\" data-id=\"39d929e\" data-element_type=\"column\">\n\t\t\t<div class=\"elementor-widget-wrap elementor-element-populated\">\n\t\t\t\t\t\t<div class=\"elementor-element elementor-element-752c95c sc_fly_static elementor-widget elementor-widget-heading\" data-id=\"752c95c\" data-element_type=\"widget\" data-widget_type=\"heading.default\">\n\t\t\t\t<div class=\"elementor-widget-container\">\n\t\t\t\t\t<h2 class=\"elementor-heading-title elementor-size-default\">Privacy policy<\/h2>\t\t\t\t<\/div>\n\t\t\t\t<\/div>\n\t\t\t\t<section class=\"elementor-section elementor-inner-section elementor-element elementor-element-22c10fe elementor-section-boxed elementor-section-height-default elementor-section-height-default sc_fly_static\" data-id=\"22c10fe\" data-element_type=\"section\">\n\t\t\t\t\t\t<div class=\"elementor-container elementor-column-gap-extended\">\n\t\t\t\t\t<div class=\"elementor-column elementor-col-100 elementor-inner-column elementor-element elementor-element-2cb3432 sc_content_align_inherit sc_layouts_column_icons_position_left sc_fly_static\" data-id=\"2cb3432\" data-element_type=\"column\">\n\t\t\t<div class=\"elementor-widget-wrap\">\n\t\t\t\t\t\t\t<\/div>\n\t\t<\/div>\n\t\t\t\t\t<\/div>\n\t\t<\/section>\n\t\t\t\t\t<\/div>\n\t\t<\/div>\n\t\t\t\t\t<\/div>\n\t\t<\/section>\n\t\t\t\t<section class=\"elementor-section elementor-top-section elementor-element elementor-element-46b2b42 elementor-section-boxed elementor-section-height-default elementor-section-height-default sc_fly_static\" data-id=\"46b2b42\" data-element_type=\"section\">\n\t\t\t\t\t\t<div class=\"elementor-container elementor-column-gap-extended\">\n\t\t\t\t\t<div class=\"elementor-column elementor-col-100 elementor-top-column elementor-element elementor-element-d54fa1d sc_content_align_inherit sc_layouts_column_icons_position_left sc_fly_static\" data-id=\"d54fa1d\" data-element_type=\"column\">\n\t\t\t<div class=\"elementor-widget-wrap elementor-element-populated\">\n\t\t\t\t\t\t<div class=\"elementor-element elementor-element-4cecd63 sc_height_small sc_fly_static elementor-widget elementor-widget-spacer\" data-id=\"4cecd63\" data-element_type=\"widget\" data-widget_type=\"spacer.default\">\n\t\t\t\t<div class=\"elementor-widget-container\">\n\t\t\t\t\t\t\t<div class=\"elementor-spacer\">\n\t\t\t<div class=\"elementor-spacer-inner\"><\/div>\n\t\t<\/div>\n\t\t\t\t\t\t<\/div>\n\t\t\t\t<\/div>\n\t\t\t\t<div class=\"elementor-element elementor-element-b60f5bd sc_fly_static elementor-widget elementor-widget-text-editor\" data-id=\"b60f5bd\" data-element_type=\"widget\" data-widget_type=\"text-editor.default\">\n\t\t\t\t<div class=\"elementor-widget-container\">\n\t\t\t\t\t\t\t\t\t<h4>1. Introduction<\/h4><p>Wellsi sp. z o.o. (under the brand available here: <a href=\"https:\/\/rehalabacademy.pl\/en\/\">https:\/\/rehalabacademy.pl<\/a>) appreciates your business and trust. We are a Polish company that creates products and solutions that improve the quality of life for patients, physiotherapists, and physicians. Please read this Privacy Policy; by using this website, you consent to its terms.<\/p><p>ADMINISTRATOR<\/p><p>The controller of your data is Wellsi sp. z o.o., with its registered office at ul. Praska 34b, 30-328 Krak\u00f3w, NIP: PL6762650863. How to contact us? You can contact us in writing at the address indicated above or by email at dpo@wellsi.app.<\/p><h4>2. Collected data<\/h4><p>YOUR DATA<\/p><p>For what purpose do we process your data, on what legal basis, and for how long? For the performance of the contract in accordance with Article 6(1)(b) of the GDPR. Your data will be processed until all factual and legal actions necessary to perform the contract are completed, and then until the statute of limitations for claims arising therefrom expires.<\/p><p>In order to perform obligations arising from legal provisions (e.g. tax settlements), in accordance with Article 6 paragraph 1 letter c) of the GDPR \u2013 for the period necessary to perform these obligations and for the period required by law.<\/p><p>In order to pursue our legitimate interest (Article 6(1)(f) of the GDPR), i.e.:<\/p><p>To perform ongoing administrative and business tasks, to ensure the protection of information whose disclosure may cause harm to us, and to establish, pursue, or defend claims related to our business activities. Your data will be stored until the legitimate interests underlying this processing are fulfilled or until you object to such processing.<\/p><p>PERSONAL DATA<\/p><p>If you are not a registered customer of our website, we do not have any personal information that we can store or view about you.<\/p><p>If you are a customer with a registered account, your personal data may be accessed by:<\/p><p>Our system administrators.<\/p><p>Our staff needs to obtain and access customer account information to provide support.<\/p><p>YOUR RIGHTS<\/p><p>You may request access to, rectification, erasure, or restriction of processing of your personal data, and you also have the right to data portability. You also have the right to lodge a complaint with the supervisory authority (President of the Personal Data Protection Office, Personal Data Protection Office, ul. Stawki 2, 00-193 Warsaw). To the extent that your data is processed based on legitimate interests, you have the right to object to the processing of your personal data at any time.<\/p><p>PROVIDING DATA<\/p><p><strong>Providing personal data is voluntary, but necessary for the conclusion and performance of the contract. Failure to provide your data will prevent the conclusion of the contract.<\/strong><\/p><h4>3. Cookies<\/h4><p>Cookies generally exist to improve your browsing experience. However, you may wish to disable cookies on this site and others. The most effective way to do this is to disable cookies in your browser. We suggest consulting your browser's Help section.<\/p><h4>4. Third party access to your data<\/h4><p>We don't share your data with third parties in a way that reveals any of your personal information, such as your email address, name, etc. The only exceptions to this rule are with partners with whom we need to share limited data to provide the services you request from us. See below:<\/p><p>Stripe<\/p><p>To ensure the highest security and reliability of our financial processing, we use a payment processing company called Stripe.<\/p><h4>5. How long do we store your data?<\/h4><p>If you register on our website, we store the personal information you provide to fulfill our contract. You can edit or delete your personal information at any time.<\/p><h4>6. Safety measures<\/h4><p>We use SSL\/HTTPS throughout our website. This encrypts your communications with our servers to prevent unauthorized interception\/acquisition of your personal information by third parties.<\/p><h4>7. Updates<\/h4><p>We reserve the right to update our Privacy Policy to reflect changes to our practices or for operational, legal or regulatory reasons.<\/p>\t\t\t\t\t\t\t\t<\/div>\n\t\t\t\t<\/div>\n\t\t\t\t\t<\/div>\n\t\t<\/div>\n\t\t\t\t\t<\/div>\n\t\t<\/section>\n\t\t\t\t<\/div>","protected":false},"excerpt":{"rendered":"<p>Polityka prywatno\u015bci 1. Wprowadzenie Wellsi sp. z o.o. (pod mark\u0105 dost\u0119pn\u0105 tutaj: https:\/\/rehalabacademy.pl) docenia Tw\u00f3j biznes i zaufanie. Jeste\u015bmy polsk\u0105 firm\u0105, tworz\u0105c\u0105 produkty i rozwi\u0105zania poprawiaj\u0105ce jako\u015b\u0107 \u017cycia pacjent\u00f3w, fizjoterapeut\u00f3w&hellip;<\/p>","protected":false},"author":10,"featured_media":0,"parent":0,"menu_order":0,"comment_status":"closed","ping_status":"closed","template":"","meta":{"_price":"","_stock":"","_tribe_ticket_header":"","_tribe_default_ticket_provider":"","_tribe_ticket_capacity":"0","_ticket_start_date":"","_ticket_end_date":"","_tribe_ticket_show_description":"","_tribe_ticket_show_not_going":false,"_tribe_ticket_use_global_stock":"","_tribe_ticket_global_stock_level":"","_global_stock_mode":"","_global_stock_cap":"","_tribe_rsvp_for_event":"","_tribe_ticket_going_count":"","_tribe_ticket_not_going_count":"","_tribe_tickets_list":"[]","_tribe_ticket_has_attendee_info_fields":false,"footnotes":"","_tec_slr_enabled":"","_tec_slr_layout":""},"class_list":["post-65499","page","type-page","status-publish","hentry"],"ticketed":false,"_links":{"self":[{"href":"https:\/\/rehalabacademy.pl\/en\/wp-json\/wp\/v2\/pages\/65499","targetHints":{"allow":["GET"]}}],"collection":[{"href":"https:\/\/rehalabacademy.pl\/en\/wp-json\/wp\/v2\/pages"}],"about":[{"href":"https:\/\/rehalabacademy.pl\/en\/wp-json\/wp\/v2\/types\/page"}],"author":[{"embeddable":true,"href":"https:\/\/rehalabacademy.pl\/en\/wp-json\/wp\/v2\/users\/10"}],"replies":[{"embeddable":true,"href":"https:\/\/rehalabacademy.pl\/en\/wp-json\/wp\/v2\/comments?post=65499"}],"version-history":[{"count":4,"href":"https:\/\/rehalabacademy.pl\/en\/wp-json\/wp\/v2\/pages\/65499\/revisions"}],"predecessor-version":[{"id":66356,"href":"https:\/\/rehalabacademy.pl\/en\/wp-json\/wp\/v2\/pages\/65499\/revisions\/66356"}],"wp:attachment":[{"href":"https:\/\/rehalabacademy.pl\/en\/wp-json\/wp\/v2\/media?parent=65499"}],"curies":[{"name":"wp","href":"https:\/\/api.w.org\/{rel}","templated":true}]}}