{"id":44891,"date":"2023-09-26T19:48:53","date_gmt":"2023-09-26T19:48:53","guid":{"rendered":"https:\/\/rehalabacademy.pl\/?page_id=44891"},"modified":"2026-01-28T17:23:18","modified_gmt":"2026-01-28T16:23:18","slug":"clinic","status":"publish","type":"page","link":"https:\/\/rehalabacademy.pl\/en\/clinic\/","title":{"rendered":"Clinic"},"content":{"rendered":"\t\t<div data-elementor-type=\"wp-page\" data-elementor-id=\"44891\" class=\"elementor elementor-44891\" data-elementor-post-type=\"page\">\n\t\t\t\t\t\t<section class=\"elementor-section elementor-top-section elementor-element elementor-element-ad4bba5 elementor-section-full_width elementor-section-height-default elementor-section-height-default sc_fly_static\" data-id=\"ad4bba5\" data-element_type=\"section\" data-settings=\"{&quot;background_background&quot;:&quot;slideshow&quot;,&quot;background_slideshow_gallery&quot;:[{&quot;id&quot;:66426,&quot;url&quot;:&quot;https:\\\/\\\/rehalabacademy.pl\\\/wp-content\\\/uploads\\\/2026\\\/01\\\/62655187_2769559176394815_1787276526274740224_n-1536x1024-1.jpg&quot;}],&quot;background_slideshow_loop&quot;:&quot;yes&quot;,&quot;background_slideshow_slide_duration&quot;:5000,&quot;background_slideshow_slide_transition&quot;:&quot;fade&quot;,&quot;background_slideshow_transition_duration&quot;:500}\">\n\t\t\t\t\t\t<div class=\"elementor-container elementor-column-gap-extended\">\n\t\t\t\t\t<div class=\"elementor-column elementor-col-100 elementor-top-column elementor-element elementor-element-e0e526d sc_content_align_inherit sc_layouts_column_icons_position_left sc_fly_static\" data-id=\"e0e526d\" data-element_type=\"column\">\n\t\t\t<div class=\"elementor-widget-wrap elementor-element-populated\">\n\t\t\t\t\t\t<section class=\"elementor-section elementor-inner-section elementor-element elementor-element-f813169 elementor-section-boxed elementor-section-height-default elementor-section-height-default sc_fly_static\" data-id=\"f813169\" data-element_type=\"section\">\n\t\t\t\t\t\t<div class=\"elementor-container elementor-column-gap-extended\">\n\t\t\t\t\t<div class=\"elementor-column elementor-col-50 elementor-inner-column elementor-element elementor-element-ef0b3cb sc_content_align_inherit sc_layouts_column_icons_position_left sc_fly_static\" data-id=\"ef0b3cb\" data-element_type=\"column\">\n\t\t\t<div class=\"elementor-widget-wrap elementor-element-populated\">\n\t\t\t\t\t\t<div class=\"elementor-element elementor-element-327e3aa sc_fly_static elementor-widget elementor-widget-spacer\" data-id=\"327e3aa\" data-element_type=\"widget\" data-widget_type=\"spacer.default\">\n\t\t\t\t<div class=\"elementor-widget-container\">\n\t\t\t\t\t\t\t<div class=\"elementor-spacer\">\n\t\t\t<div class=\"elementor-spacer-inner\"><\/div>\n\t\t<\/div>\n\t\t\t\t\t\t<\/div>\n\t\t\t\t<\/div>\n\t\t\t\t\t<\/div>\n\t\t<\/div>\n\t\t\t\t<div class=\"elementor-column elementor-col-50 elementor-inner-column elementor-element elementor-element-c83ea11 sc_content_align_inherit sc_layouts_column_icons_position_left sc_fly_static\" data-id=\"c83ea11\" data-element_type=\"column\">\n\t\t\t<div class=\"elementor-widget-wrap\">\n\t\t\t\t\t\t\t<\/div>\n\t\t<\/div>\n\t\t\t\t\t<\/div>\n\t\t<\/section>\n\t\t\t\t\t<\/div>\n\t\t<\/div>\n\t\t\t\t\t<\/div>\n\t\t<\/section>\n\t\t\t\t<section class=\"elementor-section elementor-top-section elementor-element elementor-element-2217fdaf scheme_dark elementor-section-boxed elementor-section-height-default elementor-section-height-default sc_fly_static\" data-id=\"2217fdaf\" data-element_type=\"section\" data-settings=\"{&quot;shape_divider_bottom&quot;:&quot;trx_addons_line_down&quot;,&quot;background_background&quot;:&quot;classic&quot;}\">\n\t\t\t\t\t\t<div class=\"elementor-container elementor-column-gap-extended\">\n\t\t\t\t\t<div class=\"elementor-column elementor-col-100 elementor-top-column elementor-element elementor-element-66a2d138 sc_content_align_inherit sc_layouts_column_icons_position_left sc_fly_static\" data-id=\"66a2d138\" data-element_type=\"column\">\n\t\t\t<div class=\"elementor-widget-wrap elementor-element-populated\">\n\t\t\t\t\t\t<div class=\"elementor-element elementor-element-2bec8334 sc_fly_static elementor-widget elementor-widget-spacer\" data-id=\"2bec8334\" data-element_type=\"widget\" data-widget_type=\"spacer.default\">\n\t\t\t\t<div class=\"elementor-widget-container\">\n\t\t\t\t\t\t\t<div class=\"elementor-spacer\">\n\t\t\t<div class=\"elementor-spacer-inner\"><\/div>\n\t\t<\/div>\n\t\t\t\t\t\t<\/div>\n\t\t\t\t<\/div>\n\t\t\t\t<div class=\"elementor-element elementor-element-87eb173 sc_height_tiny sc_fly_static elementor-widget elementor-widget-spacer\" data-id=\"87eb173\" data-element_type=\"widget\" data-widget_type=\"spacer.default\">\n\t\t\t\t<div class=\"elementor-widget-container\">\n\t\t\t\t\t\t\t<div class=\"elementor-spacer\">\n\t\t\t<div class=\"elementor-spacer-inner\"><\/div>\n\t\t<\/div>\n\t\t\t\t\t\t<\/div>\n\t\t\t\t<\/div>\n\t\t\t\t<div class=\"elementor-element elementor-element-944f16c sc_fly_static elementor-widget elementor-widget-trx_sc_title\" data-id=\"944f16c\" data-element_type=\"widget\" data-widget_type=\"trx_sc_title.default\">\n\t\t\t\t<div class=\"elementor-widget-container\">\n\t\t\t\t\t<div\t\tclass=\"sc_title sc_title_default\" ><h2 class=\"sc_item_title sc_title_title sc_item_title_style_default sc_item_title_tag\"\n\t\t\t><span class=\"sc_item_title_text\">B\u00f3l, uraz, problem funkcjonalny?<\/span><\/h2><\/div>\t\t\t\t<\/div>\n\t\t\t\t<\/div>\n\t\t\t\t<div class=\"elementor-element elementor-element-a9b7504 sc_fly_static elementor-widget elementor-widget-spacer\" data-id=\"a9b7504\" data-element_type=\"widget\" data-widget_type=\"spacer.default\">\n\t\t\t\t<div class=\"elementor-widget-container\">\n\t\t\t\t\t\t\t<div class=\"elementor-spacer\">\n\t\t\t<div class=\"elementor-spacer-inner\"><\/div>\n\t\t<\/div>\n\t\t\t\t\t\t<\/div>\n\t\t\t\t<\/div>\n\t\t\t\t<div class=\"elementor-element elementor-element-bfc0607 sc_fly_static elementor-widget elementor-widget-text-editor\" data-id=\"bfc0607\" data-element_type=\"widget\" data-widget_type=\"text-editor.default\">\n\t\t\t\t<div class=\"elementor-widget-container\">\n\t\t\t\t\t\t\t\t\t<p>W naszym gabinecie Rehalab Clinic w Krakowie, znajdziecie wsparcie w ortopedycznych problemach funkcjonalnych.<\/p>\n<p>Przeprowadzimy Ci\u0119 przez diagnostyk\u0119 oraz zaplanujemy ca\u0142y proces powrotu do sprawno\u015bci. Dbamy, aby formu\u0142a naszej wsp\u00f3\u0142pracy odpowiada\u0142a tak\u017ce wyzwaniom wsp\u00f3\u0142czesnego \u017cycia dlatego, aby usprawni\u0107 proces leczenia oferujemy tak\u017ce <span style=\"text-decoration: underline;\">wsparcie stacjonarnego procesu w formie zdalnej z wykorzystaniem aplikacji online<\/span> szczeg\u00f3lnie korzystnego dla Pacjent\u00f3w ju\u017c po zabiegach i operacjach.<\/p>\n<p>Poza prac\u0105 z Pacjentami od 2008 roku <span style=\"text-decoration: underline;\">edukujemy specjalist\u00f3w bran\u017cy medycznej z ca\u0142ego \u015bwiata<\/span> z zagadnie\u0144 fizjoterapii ortopedycznej &#8211; wydarzenia edukacyjne odbywaj\u0105 si\u0119 w Polsce, Czechach i S\u0142owacji.<\/p>\t\t\t\t\t\t\t\t<\/div>\n\t\t\t\t<\/div>\n\t\t\t\t<div class=\"elementor-element elementor-element-dd89923 sc_fly_static elementor-widget elementor-widget-spacer\" data-id=\"dd89923\" data-element_type=\"widget\" data-widget_type=\"spacer.default\">\n\t\t\t\t<div class=\"elementor-widget-container\">\n\t\t\t\t\t\t\t<div class=\"elementor-spacer\">\n\t\t\t<div class=\"elementor-spacer-inner\"><\/div>\n\t\t<\/div>\n\t\t\t\t\t\t<\/div>\n\t\t\t\t<\/div>\n\t\t\t\t<div class=\"elementor-element elementor-element-f7b9d52 sc_fly_static elementor-widget elementor-widget-heading\" data-id=\"f7b9d52\" data-element_type=\"widget\" data-widget_type=\"heading.default\">\n\t\t\t\t<div class=\"elementor-widget-container\">\n\t\t\t\t\t<h3 class=\"elementor-heading-title elementor-size-default\">Bartosz Rutowicz\nPHD, Msc<\/h3>\t\t\t\t<\/div>\n\t\t\t\t<\/div>\n\t\t\t\t<div class=\"elementor-element elementor-element-3c32d75 elementor-widget-divider--view-line sc_fly_static elementor-widget elementor-widget-divider\" data-id=\"3c32d75\" data-element_type=\"widget\" data-widget_type=\"divider.default\">\n\t\t\t\t<div class=\"elementor-widget-container\">\n\t\t\t\t\t\t\t<div class=\"elementor-divider\">\n\t\t\t<span class=\"elementor-divider-separator\">\n\t\t\t\t\t\t<\/span>\n\t\t<\/div>\n\t\t\t\t\t\t<\/div>\n\t\t\t\t<\/div>\n\t\t\t\t\t<\/div>\n\t\t<\/div>\n\t\t\t\t\t<\/div>\n\t\t<\/section>\n\t\t\t\t<section class=\"elementor-section elementor-top-section elementor-element elementor-element-44af7016 elementor-section-boxed elementor-section-height-default elementor-section-height-default sc_fly_static\" data-id=\"44af7016\" data-element_type=\"section\">\n\t\t\t\t\t\t<div class=\"elementor-container elementor-column-gap-extended\">\n\t\t\t\t\t<div class=\"elementor-column elementor-col-100 elementor-top-column elementor-element elementor-element-2ad7dffb sc_content_align_inherit sc_layouts_column_icons_position_left sc_fly_static\" data-id=\"2ad7dffb\" data-element_type=\"column\">\n\t\t\t<div class=\"elementor-widget-wrap elementor-element-populated\">\n\t\t\t\t\t\t<div class=\"elementor-element elementor-element-b40014a sc_fly_static elementor-widget elementor-widget-spacer\" data-id=\"b40014a\" data-element_type=\"widget\" data-widget_type=\"spacer.default\">\n\t\t\t\t<div class=\"elementor-widget-container\">\n\t\t\t\t\t\t\t<div class=\"elementor-spacer\">\n\t\t\t<div class=\"elementor-spacer-inner\"><\/div>\n\t\t<\/div>\n\t\t\t\t\t\t<\/div>\n\t\t\t\t<\/div>\n\t\t\t\t<div class=\"elementor-element elementor-element-68d13075 sc_fly_static elementor-widget elementor-widget-trx_sc_title\" data-id=\"68d13075\" data-element_type=\"widget\" data-widget_type=\"trx_sc_title.default\">\n\t\t\t\t<div class=\"elementor-widget-container\">\n\t\t\t\t\t<div\t\tclass=\"sc_title sc_title_default\" ><span class=\"sc_item_subtitle sc_title_subtitle sc_align_center sc_item_subtitle_above sc_item_title_style_default\">NASZ SPECJALISTA<\/span><h1 class=\"sc_item_title sc_title_title sc_align_center sc_item_title_style_default sc_item_title_tag\"\n\t\t\t><span class=\"sc_item_title_text\">dr Bartosz Rutowicz <\/span><\/h1><\/div>\t\t\t\t<\/div>\n\t\t\t\t<\/div>\n\t\t\t\t<div class=\"elementor-element elementor-element-6a0dfbd sc_fly_static elementor-widget elementor-widget-spacer\" data-id=\"6a0dfbd\" data-element_type=\"widget\" data-widget_type=\"spacer.default\">\n\t\t\t\t<div class=\"elementor-widget-container\">\n\t\t\t\t\t\t\t<div class=\"elementor-spacer\">\n\t\t\t<div class=\"elementor-spacer-inner\"><\/div>\n\t\t<\/div>\n\t\t\t\t\t\t<\/div>\n\t\t\t\t<\/div>\n\t\t\t\t<section class=\"elementor-section elementor-inner-section elementor-element elementor-element-4ab0e58 elementor-section-boxed elementor-section-height-default elementor-section-height-default sc_fly_static\" data-id=\"4ab0e58\" data-element_type=\"section\">\n\t\t\t\t\t\t<div class=\"elementor-container elementor-column-gap-extended\">\n\t\t\t\t\t<div class=\"elementor-column elementor-col-50 elementor-inner-column elementor-element elementor-element-a08eafd sc_content_align_inherit sc_layouts_column_icons_position_left sc_fly_static\" data-id=\"a08eafd\" data-element_type=\"column\">\n\t\t\t<div class=\"elementor-widget-wrap elementor-element-populated\">\n\t\t\t\t\t\t<div class=\"elementor-element elementor-element-6011cbc sc_fly_static elementor-widget elementor-widget-html\" data-id=\"6011cbc\" data-element_type=\"widget\" data-widget_type=\"html.default\">\n\t\t\t\t<div class=\"elementor-widget-container\">\n\t\t\t\t\t<a id=\"zl-url\" class=\"zl-url\" href=\"https:\/\/www.znanylekarz.pl\/bartosz-rutowicz\/fizjoterapeuta\/krakow\" rel=\"nofollow\" data-zlw-doctor=\"bartosz-rutowicz\" data-zlw-type=\"big\" data-zlw-opinion=\"false\" data-zlw-hide-branding=\"true\" data-zlw-saas-only=\"true\" data-zlw-a11y-title=\"Widget um\u00f3wienia wizyty lekarskiej\">Bartosz Rutowicz - ZnanyLekarz.pl<\/a><script>!function($_x,_s,id){var js,fjs=$_x.getElementsByTagName(_s)[0];if(!$_x.getElementById(id)){js = $_x.createElement(_s);js.id = id;js.src = \"\/\/platform.docplanner.com\/js\/widget.js\";fjs.parentNode.insertBefore(js,fjs);}}(document,\"script\",\"zl-widget-s\");<\/script>\t\t\t\t<\/div>\n\t\t\t\t<\/div>\n\t\t\t\t\t<\/div>\n\t\t<\/div>\n\t\t\t\t<div class=\"elementor-column elementor-col-50 elementor-inner-column elementor-element elementor-element-205c239 sc_content_align_inherit sc_layouts_column_icons_position_left sc_fly_static\" data-id=\"205c239\" data-element_type=\"column\">\n\t\t\t<div class=\"elementor-widget-wrap elementor-element-populated\">\n\t\t\t\t\t\t<div class=\"elementor-element elementor-element-c93636d sc_fly_static elementor-widget elementor-widget-text-editor\" data-id=\"c93636d\" data-element_type=\"widget\" data-widget_type=\"text-editor.default\">\n\t\t\t\t<div class=\"elementor-widget-container\">\n\t\t\t\t\t\t\t\t\t<p><span class=\"trx_addons_dropcap trx_addons_dropcap_style_1 trx_addons_dropcap_style_2\">99%<\/span><\/p><p>zadowolonych Pacjent\u00f3w (wg danych serwisu ZnanyLekarz)<\/p>\t\t\t\t\t\t\t\t<\/div>\n\t\t\t\t<\/div>\n\t\t\t\t<div class=\"elementor-element elementor-element-8b02871 sc_fly_static elementor-widget elementor-widget-spacer\" data-id=\"8b02871\" data-element_type=\"widget\" data-widget_type=\"spacer.default\">\n\t\t\t\t<div class=\"elementor-widget-container\">\n\t\t\t\t\t\t\t<div class=\"elementor-spacer\">\n\t\t\t<div class=\"elementor-spacer-inner\"><\/div>\n\t\t<\/div>\n\t\t\t\t\t\t<\/div>\n\t\t\t\t<\/div>\n\t\t\t\t<div class=\"elementor-element elementor-element-5b79b02 sc_fly_static elementor-widget elementor-widget-text-editor\" data-id=\"5b79b02\" data-element_type=\"widget\" data-widget_type=\"text-editor.default\">\n\t\t\t\t<div class=\"elementor-widget-container\">\n\t\t\t\t\t\t\t\t\t<p><span class=\"trx_addons_dropcap trx_addons_dropcap_style_1 trx_addons_dropcap_style_2\">22 lat\u00a0<\/span>praktyki zawodowej<\/p>\t\t\t\t\t\t\t\t<\/div>\n\t\t\t\t<\/div>\n\t\t\t\t\t<\/div>\n\t\t<\/div>\n\t\t\t\t\t<\/div>\n\t\t<\/section>\n\t\t\t\t<div class=\"elementor-element elementor-element-12cb82fc sc_height_small sc_fly_static elementor-widget elementor-widget-spacer\" data-id=\"12cb82fc\" data-element_type=\"widget\" data-widget_type=\"spacer.default\">\n\t\t\t\t<div class=\"elementor-widget-container\">\n\t\t\t\t\t\t\t<div class=\"elementor-spacer\">\n\t\t\t<div class=\"elementor-spacer-inner\"><\/div>\n\t\t<\/div>\n\t\t\t\t\t\t<\/div>\n\t\t\t\t<\/div>\n\t\t\t\t<div class=\"elementor-element elementor-element-1e7bc78 elementor-widget-divider--view-line sc_fly_static elementor-widget elementor-widget-divider\" data-id=\"1e7bc78\" data-element_type=\"widget\" data-widget_type=\"divider.default\">\n\t\t\t\t<div class=\"elementor-widget-container\">\n\t\t\t\t\t\t\t<div class=\"elementor-divider\">\n\t\t\t<span class=\"elementor-divider-separator\">\n\t\t\t\t\t\t<\/span>\n\t\t<\/div>\n\t\t\t\t\t\t<\/div>\n\t\t\t\t<\/div>\n\t\t\t\t<div class=\"elementor-element elementor-element-a8fb980 sc_fly_static elementor-widget elementor-widget-trx_sc_title\" data-id=\"a8fb980\" data-element_type=\"widget\" data-widget_type=\"trx_sc_title.default\">\n\t\t\t\t<div class=\"elementor-widget-container\">\n\t\t\t\t\t<div\t\tclass=\"sc_title sc_title_default\" ><span class=\"sc_item_subtitle sc_title_subtitle sc_align_center sc_item_subtitle_above sc_item_title_style_default\">FIZJOTERAPIA<\/span><h1 class=\"sc_item_title sc_title_title sc_align_center sc_item_title_style_default sc_item_title_tag\"\n\t\t\t><span class=\"sc_item_title_text\">Standard opieki Rehalab Clinic<\/span><\/h1><\/div>\t\t\t\t<\/div>\n\t\t\t\t<\/div>\n\t\t\t\t<div class=\"elementor-element elementor-element-b871997 sc_fly_static elementor-widget elementor-widget-spacer\" data-id=\"b871997\" data-element_type=\"widget\" data-widget_type=\"spacer.default\">\n\t\t\t\t<div class=\"elementor-widget-container\">\n\t\t\t\t\t\t\t<div class=\"elementor-spacer\">\n\t\t\t<div class=\"elementor-spacer-inner\"><\/div>\n\t\t<\/div>\n\t\t\t\t\t\t<\/div>\n\t\t\t\t<\/div>\n\t\t\t\t<div class=\"elementor-element elementor-element-71686818 sc_fly_static elementor-widget elementor-widget-trx_sc_price\" data-id=\"71686818\" data-element_type=\"widget\" data-widget_type=\"trx_sc_price.default\">\n\t\t\t\t<div class=\"elementor-widget-container\">\n\t\t\t\t\t<div  \r\n\tclass=\"sc_price sc_price_metro\"><div class=\"sc_price_columns_wrap sc_item_columns trx_addons_columns_wrap columns_padding_bottom columns_in_single_row\"><div class=\"trx_addons_column-1_2\"><div class=\"sc_price_item sc_price_item_metro\">\r\n\t\t\t<div class=\"sc_price_item_inner\"><div class=\"sc_price_item_info_top\"><h3 class=\"sc_price_item_title\"><span>Konsultacja stacjonarna (Krak\u00f3w)<\/span><\/h3><\/div><div class=\"sc_price_item_info\"><div class=\"sc_price_item_details\"><p>AVAILABLE ALSO IN ENGLISH<\/p>\n<p>\u00a0<\/p>\n<ul>\n<li>Rehabilitacja ortopedyczna i funkcjonalna na najwy\u017cszym \u015bwiatowym poziomie<\/li>\n<li>Prewencja przede wszystkim \u2013 je\u015bli interwencja operacyjna jest konieczna b\u0119dziesz do niej najlepiej przygotowany.<\/li>\n<li>Profilaktyka i leczenie <span style=\"text-decoration: underline;\">artrofibrozy<\/span><\/li>\n<li>Dodatkowo<span style=\"text-decoration: underline;\"> wsparcie ruchowe w formie opieki zdalnej poprzez aplikacj\u0119\u00a0<\/span><\/li>\n<\/ul><\/div><\/div><!-- \/.sc_price_item_info --><\/div><!-- \/.sc_price_item_inner --><a href=\"https:\/\/www.znanylekarz.pl\/bartosz-rutowicz\/fizjoterapeuta\/krakow\" class=\"sc_price_item_link sc_button\" target=\"_blank\">gabinet krak\u00f3w rezerwacja online <\/a><\/div><\/div><div class=\"trx_addons_column-1_2\"><div class=\"sc_price_item sc_price_item_metro\">\r\n\t\t\t<div class=\"sc_price_item_inner\"><div class=\"sc_price_item_info_top\"><h3 class=\"sc_price_item_title\"><span>Konsultacja online<\/span><\/h3><\/div><div class=\"sc_price_item_info\"><div class=\"sc_price_item_details\"><p>AVAILABLE ALSO IN ENGLISH<\/p>\n<p>\u00a0<\/p>\n<ul>\n<li>Rehabilitacja ortopedyczna i funkcjonalna na najwy\u017cszym \u015bwiatowym poziomie<\/li>\n<li>Prewencja przede wszystkim \u2013 je\u015bli interwencja operacyjna jest konieczna b\u0119dziesz do niej najlepiej przygotowany.<\/li>\n<li>Profilaktyka i leczenie <span style=\"text-decoration: underline;\">artrofibrozy<\/span><\/li>\n<li>Dodatkowo<span style=\"text-decoration: underline;\"> wsparcie ruchowe w formie opieki zdalnej poprzez aplikacj\u0119\u00a0<\/span><\/li>\n<\/ul><\/div><\/div><!-- \/.sc_price_item_info --><\/div><!-- \/.sc_price_item_inner --><a href=\"mailto:bartosz.rutowicz@rehalab.pl?subject=Konsultacja%20online%20-%20terminy\" class=\"sc_price_item_link sc_button\" target=\"_blank\" rel=\"nofollow\">konsultacja zdalna zapytaj o termin<\/a><\/div><\/div><\/div><\/div><!-- \/.sc_price -->\t\t\t\t<\/div>\n\t\t\t\t<\/div>\n\t\t\t\t<div class=\"elementor-element elementor-element-67dbc51f sc_height_huge sc_fly_static elementor-widget elementor-widget-spacer\" data-id=\"67dbc51f\" data-element_type=\"widget\" data-widget_type=\"spacer.default\">\n\t\t\t\t<div class=\"elementor-widget-container\">\n\t\t\t\t\t\t\t<div class=\"elementor-spacer\">\n\t\t\t<div class=\"elementor-spacer-inner\"><\/div>\n\t\t<\/div>\n\t\t\t\t\t\t<\/div>\n\t\t\t\t<\/div>\n\t\t\t\t<div class=\"elementor-element elementor-element-49e1a6f sc_fly_static elementor-widget elementor-widget-spacer\" data-id=\"49e1a6f\" data-element_type=\"widget\" data-widget_type=\"spacer.default\">\n\t\t\t\t<div class=\"elementor-widget-container\">\n\t\t\t\t\t\t\t<div class=\"elementor-spacer\">\n\t\t\t<div class=\"elementor-spacer-inner\"><\/div>\n\t\t<\/div>\n\t\t\t\t\t\t<\/div>\n\t\t\t\t<\/div>\n\t\t\t\t<div class=\"elementor-element elementor-element-41b4713 sc_fly_static elementor-widget elementor-widget-spacer\" data-id=\"41b4713\" data-element_type=\"widget\" data-widget_type=\"spacer.default\">\n\t\t\t\t<div class=\"elementor-widget-container\">\n\t\t\t\t\t\t\t<div class=\"elementor-spacer\">\n\t\t\t<div class=\"elementor-spacer-inner\"><\/div>\n\t\t<\/div>\n\t\t\t\t\t\t<\/div>\n\t\t\t\t<\/div>\n\t\t\t\t\t<\/div>\n\t\t<\/div>\n\t\t\t\t\t<\/div>\n\t\t<\/section>\n\t\t\t\t<\/div>\n\t\t","protected":false},"excerpt":{"rendered":"<p>B\u00f3l, uraz, problem funkcjonalny? W naszym gabinecie Rehalab Clinic w Krakowie, znajdziecie wsparcie w ortopedycznych problemach funkcjonalnych. Przeprowadzimy Ci\u0119 przez diagnostyk\u0119 oraz zaplanujemy ca\u0142y proces powrotu do sprawno\u015bci. Dbamy, aby&hellip;<\/p>","protected":false},"author":1,"featured_media":0,"parent":0,"menu_order":0,"comment_status":"closed","ping_status":"closed","template":"","meta":{"_price":"","_stock":"","_tribe_ticket_header":"","_tribe_default_ticket_provider":"","_tribe_ticket_capacity":"0","_ticket_start_date":"","_ticket_end_date":"","_tribe_ticket_show_description":"","_tribe_ticket_show_not_going":false,"_tribe_ticket_use_global_stock":"","_tribe_ticket_global_stock_level":"","_global_stock_mode":"","_global_stock_cap":"","_tribe_rsvp_for_event":"","_tribe_ticket_going_count":"","_tribe_ticket_not_going_count":"","_tribe_tickets_list":"[]","_tribe_ticket_has_attendee_info_fields":false,"footnotes":"","_tec_slr_enabled":"","_tec_slr_layout":""},"class_list":["post-44891","page","type-page","status-publish","hentry"],"ticketed":false,"_links":{"self":[{"href":"https:\/\/rehalabacademy.pl\/en\/wp-json\/wp\/v2\/pages\/44891","targetHints":{"allow":["GET"]}}],"collection":[{"href":"https:\/\/rehalabacademy.pl\/en\/wp-json\/wp\/v2\/pages"}],"about":[{"href":"https:\/\/rehalabacademy.pl\/en\/wp-json\/wp\/v2\/types\/page"}],"author":[{"embeddable":true,"href":"https:\/\/rehalabacademy.pl\/en\/wp-json\/wp\/v2\/users\/1"}],"replies":[{"embeddable":true,"href":"https:\/\/rehalabacademy.pl\/en\/wp-json\/wp\/v2\/comments?post=44891"}],"version-history":[{"count":91,"href":"https:\/\/rehalabacademy.pl\/en\/wp-json\/wp\/v2\/pages\/44891\/revisions"}],"predecessor-version":[{"id":66482,"href":"https:\/\/rehalabacademy.pl\/en\/wp-json\/wp\/v2\/pages\/44891\/revisions\/66482"}],"wp:attachment":[{"href":"https:\/\/rehalabacademy.pl\/en\/wp-json\/wp\/v2\/media?parent=44891"}],"curies":[{"name":"wp","href":"https:\/\/api.w.org\/{rel}","templated":true}]}}